{"id":29,"date":"2023-08-31T18:43:48","date_gmt":"2023-08-31T16:43:48","guid":{"rendered":"https:\/\/taxi-soyaux.fr\/?page_id=29"},"modified":"2026-03-17T10:20:05","modified_gmt":"2026-03-17T09:20:05","slug":"contact","status":"publish","type":"page","link":"https:\/\/taxi-soyaux.fr\/index.php\/contact\/","title":{"rendered":"Contact"},"content":{"rendered":"\n<p>Nous sommes ravis de vous offrir plusieurs moyens de nous contacter chez HM Taxi Angoul\u00eame. Que vous ayez des questions sur nos services de taxi, que vous souhaitiez obtenir des informations sur vos r\u00e9servations ou que vous ayez des demandes sp\u00e9cifiques, notre chauffeur est l\u00e0 pour vous aider.<\/p>\n\n\n\n<p><strong>Informations de Contact<\/strong><\/p>\n\n\n\n<p><\/p>\n\n\n\n<ul class=\"wp-block-list\">\n<li><strong>T\u00e9l\u00e9phone :<\/strong> 06 40 27 01 91<\/li>\n\n\n\n<li><strong>E-mail :<\/strong> <strong><a href=\"mailto:taxi.elhaj@gmail.com\">hm.taxi.angouleme<\/a><\/strong><\/li>\n\n\n\n<li><strong><a href=\"mailto:taxi.elhaj@gmail.com\">@gmail.com<\/a><\/strong><\/li>\n<\/ul>\n\n\n\n<p><strong>Horaires d&rsquo;ouverture :<\/strong><\/p>\n\n\n\n<ul class=\"wp-block-list\">\n<li>Lundi &#8211; Vendredi : 7h00 &#8211; 22h00<\/li>\n\n\n\n<li>Samedi &#8211; Dimanche : 8h00 &#8211; 20h00<\/li>\n<\/ul>\n\n\n\n<p><strong>Comment Nous Contacter<\/strong><\/p>\n\n\n\n<ul class=\"wp-block-list\">\n<li><strong>Par T\u00e9l\u00e9phone :<\/strong> Notre \u00e9quipe est disponible pour r\u00e9pondre \u00e0 vos appels et vous aider avec toutes vos questions. Appelez-nous au <strong>06 40 2<\/strong>7 01 91 pour une assistance imm\u00e9diate.<\/li>\n\n\n\n<li><strong>Par E-mail :<\/strong> Si vous pr\u00e9f\u00e9rez communiquer par \u00e9crit, n&rsquo;h\u00e9sitez pas \u00e0 nous envoyer un e-mail \u00e0 <strong><a href=\"mailto:taxi.elhaj@gmail.com\">hm.taxi.angouleme<\/a><\/strong><\/li>\n\n\n\n<li><strong><a href=\"mailto:taxi.elhaj@gmail.com\">@gmail.com<\/a><\/strong>. Nous vous r\u00e9pondrons dans les plus brefs d\u00e9lais.<\/li>\n<\/ul>\n\n\n\n<p><strong>Nous Contacter en Ligne<\/strong><\/p>\n\n\n\n<p>Vous pouvez \u00e9galement nous contacter . Nous nous engageons \u00e0 vous r\u00e9pondre rapidement.<\/p>\n\n\n\n<p>Chez HM Taxi Angoul\u00eame, nous attachons une grande importance \u00e0 la communication avec nos clients. N&rsquo;h\u00e9sitez pas \u00e0 nous contacter pour toute demande, pr\u00e9occupation ou information dont vous pourriez avoir besoin. Nous sommes l\u00e0 pour vous servir et rendre vos d\u00e9placements \u00e0 Angoul\u00eame agr\u00e9ables et sans souci.<\/p>\n","protected":false},"excerpt":{"rendered":"<p>Nous sommes ravis de vous offrir plusieurs moyens de nous contacter chez HM Taxi Angoul\u00eame. Que vous ayez des questions sur nos services de taxi, que vous souhaitiez obtenir des informations sur vos r\u00e9servations ou que vous ayez des demandes sp\u00e9cifiques, notre chauffeur est l\u00e0 pour vous aider. Informations de Contact Horaires d&rsquo;ouverture : Comment [&hellip;]<\/p>\n","protected":false},"author":1,"featured_media":0,"parent":0,"menu_order":0,"comment_status":"closed","ping_status":"closed","template":"","meta":{"footnotes":""},"class_list":["post-29","page","type-page","status-publish","hentry"],"_links":{"self":[{"href":"https:\/\/taxi-soyaux.fr\/index.php\/wp-json\/wp\/v2\/pages\/29","targetHints":{"allow":["GET"]}}],"collection":[{"href":"https:\/\/taxi-soyaux.fr\/index.php\/wp-json\/wp\/v2\/pages"}],"about":[{"href":"https:\/\/taxi-soyaux.fr\/index.php\/wp-json\/wp\/v2\/types\/page"}],"author":[{"embeddable":true,"href":"https:\/\/taxi-soyaux.fr\/index.php\/wp-json\/wp\/v2\/users\/1"}],"replies":[{"embeddable":true,"href":"https:\/\/taxi-soyaux.fr\/index.php\/wp-json\/wp\/v2\/comments?post=29"}],"version-history":[{"count":5,"href":"https:\/\/taxi-soyaux.fr\/index.php\/wp-json\/wp\/v2\/pages\/29\/revisions"}],"predecessor-version":[{"id":68,"href":"https:\/\/taxi-soyaux.fr\/index.php\/wp-json\/wp\/v2\/pages\/29\/revisions\/68"}],"wp:attachment":[{"href":"https:\/\/taxi-soyaux.fr\/index.php\/wp-json\/wp\/v2\/media?parent=29"}],"curies":[{"name":"wp","href":"https:\/\/api.w.org\/{rel}","templated":true}]}}