{"id":15,"date":"2023-08-31T18:27:43","date_gmt":"2023-08-31T16:27:43","guid":{"rendered":"https:\/\/taxi-soyaux.fr\/?page_id=15"},"modified":"2025-06-13T10:52:48","modified_gmt":"2025-06-13T08:52:48","slug":"reservations","status":"publish","type":"page","link":"https:\/\/taxi-soyaux.fr\/index.php\/reservations\/","title":{"rendered":"R\u00e9servations"},"content":{"rendered":"\n<p><strong>R\u00e9servez Votre Taxi \u00e0 Angoul\u00eame &#8211; Facile et Rapide<\/strong><\/p>\n\n\n\n<p>Chez HM Taxi Angoul\u00eame, nous mettons tout en \u0153uvre pour rendre vos r\u00e9servations de taxi simples et efficaces. Peu importe vos besoins de transport, que ce soit pour des trajets en ville, des transferts a\u00e9roportuaires, des \u00e9v\u00e9nements sp\u00e9ciaux ou des voyages longue distance, nous sommes l\u00e0 pour vous servir. Voici comment r\u00e9server votre taxi avec nous :<\/p>\n\n\n\n<p><strong>1. R\u00e9servation en Ligne<\/strong><\/p>\n\n\n\n<p>Notre plateforme de r\u00e9servation en ligne vous permet de r\u00e9server votre taxi \u00e0 tout moment, Nous vous confirmerons rapidement la r\u00e9servation .<\/p>\n\n\n\n<p><strong>2. R\u00e9servation par T\u00e9l\u00e9phone<\/strong><\/p>\n\n\n\n<p>Si vous pr\u00e9f\u00e9rez parler directement , n&rsquo;h\u00e9sitez pas \u00e0 nous appeler au <strong>06 40 27 91 01<\/strong>. Notre chauffeur est disponible pour prendre note de vos informations de r\u00e9servation et r\u00e9pondre \u00e0 toutes vos questions.<\/p>\n\n\n\n<p><strong>Informations de Contact et de R\u00e9servation<\/strong><\/p>\n\n\n\n<ul class=\"wp-block-list\">\n<li><strong>E-mail :<\/strong> <a href=\"mailto:taxi.elhaj@gmail.com\">hm.taxi.angouleme@gmail.com<\/a><\/li>\n\n\n\n<li><strong>T\u00e9l\u00e9phone :<\/strong> 06 40 27 91 01<\/li>\n<\/ul>\n\n\n\n<p><strong>Adresse :<\/strong> 14 avenue du P\u00e9tureau, 16800 Soyaux.<\/p>\n\n\n\n<p><strong>Pourquoi Choisir Taxi El Haj pour vos R\u00e9servations de Taxi?<\/strong><\/p>\n\n\n\n<ul class=\"wp-block-list\">\n<li>R\u00e9ponse rapide \u00e0 vos demandes de r\u00e9servation.<\/li>\n\n\n\n<li>Chauffeur professionnel et exp\u00e9riment\u00e9.<\/li>\n\n\n\n<li>Confort et s\u00e9curit\u00e9 garantis lors de chaque trajet.<\/li>\n\n\n\n<li>Disponibilit\u00e9 pour toutes les destinations, locales ou longue distance.<\/li>\n\n\n\n<li>Options de r\u00e9servation en ligne et par t\u00e9l\u00e9phone pour votre commodit\u00e9.<\/li>\n<\/ul>\n\n\n\n<p><strong>R\u00e9servez Votre Taxi d\u00e8s Aujourd&rsquo;hui<\/strong><\/p>\n\n\n\n<p>Peu importe o\u00f9 vous devez vous rendre \u00e0 Angoul\u00eame et ses environs, notre chauffeur est l\u00e0 pour vous servir. R\u00e9servez votre taxi avec HM Taxi Angoul\u00eame d\u00e8s aujourd&rsquo;hui pour profiter d&rsquo;un service de transport fiable, ponctuel et convivial. Nous attendons avec impatience de vous aider \u00e0 planifier vos d\u00e9placements en toute tranquillit\u00e9.<\/p>\n","protected":false},"excerpt":{"rendered":"<p>R\u00e9servez Votre Taxi \u00e0 Angoul\u00eame &#8211; Facile et Rapide Chez HM Taxi Angoul\u00eame, nous mettons tout en \u0153uvre pour rendre vos r\u00e9servations de taxi simples et efficaces. Peu importe vos besoins de transport, que ce soit pour des trajets en ville, des transferts a\u00e9roportuaires, des \u00e9v\u00e9nements sp\u00e9ciaux ou des voyages longue distance, nous sommes l\u00e0 [&hellip;]<\/p>\n","protected":false},"author":1,"featured_media":0,"parent":0,"menu_order":0,"comment_status":"closed","ping_status":"closed","template":"","meta":{"footnotes":""},"class_list":["post-15","page","type-page","status-publish","hentry"],"_links":{"self":[{"href":"https:\/\/taxi-soyaux.fr\/index.php\/wp-json\/wp\/v2\/pages\/15","targetHints":{"allow":["GET"]}}],"collection":[{"href":"https:\/\/taxi-soyaux.fr\/index.php\/wp-json\/wp\/v2\/pages"}],"about":[{"href":"https:\/\/taxi-soyaux.fr\/index.php\/wp-json\/wp\/v2\/types\/page"}],"author":[{"embeddable":true,"href":"https:\/\/taxi-soyaux.fr\/index.php\/wp-json\/wp\/v2\/users\/1"}],"replies":[{"embeddable":true,"href":"https:\/\/taxi-soyaux.fr\/index.php\/wp-json\/wp\/v2\/comments?post=15"}],"version-history":[{"count":4,"href":"https:\/\/taxi-soyaux.fr\/index.php\/wp-json\/wp\/v2\/pages\/15\/revisions"}],"predecessor-version":[{"id":65,"href":"https:\/\/taxi-soyaux.fr\/index.php\/wp-json\/wp\/v2\/pages\/15\/revisions\/65"}],"wp:attachment":[{"href":"https:\/\/taxi-soyaux.fr\/index.php\/wp-json\/wp\/v2\/media?parent=15"}],"curies":[{"name":"wp","href":"https:\/\/api.w.org\/{rel}","templated":true}]}}