{"id":12,"date":"2023-08-31T18:23:33","date_gmt":"2023-08-31T16:23:33","guid":{"rendered":"https:\/\/taxi-soyaux.fr\/?page_id=12"},"modified":"2025-01-31T07:31:12","modified_gmt":"2025-01-31T06:31:12","slug":"services","status":"publish","type":"page","link":"https:\/\/taxi-soyaux.fr\/index.php\/services\/","title":{"rendered":"Services"},"content":{"rendered":"\n<p><strong>Transferts <\/strong><\/p>\n\n\n\n<p>Lorsque vous avez besoin d&rsquo;un transfert depuis ou vers les a\u00e9roports de Bordeaux ou de Limoges, notre chauffeur est l\u00e0 pour vous servir. Notre chauffeur exp\u00e9riment\u00e9 vous accueilleront \u00e0 l&rsquo;a\u00e9roport, pr\u00eats \u00e0 vous conduire en toute s\u00e9curit\u00e9 et confort jusqu&rsquo;\u00e0 votre destination \u00e0 Angoul\u00eame. Optez pour la tranquillit\u00e9 d&rsquo;esprit en choisissant notre service de transfert .<\/p>\n\n\n\n<p><strong>Transport Pratique en Ville \u00e0 Angoul\u00eame<\/strong><\/p>\n\n\n\n<p>Naviguer dans les rues d&rsquo;Angoul\u00eame n&rsquo;a jamais \u00e9t\u00e9 aussi facile. Notre service de transport en ville est parfait pour vos d\u00e9placements quotidiens, vos rendez-vous d&rsquo;affaires ou vos sorties en soir\u00e9e. Laissez notre chauffeur vous conduire efficacement et rapidement o\u00f9 vous le souhaitez dans la ville.<\/p>\n\n\n\n<p><strong>Trajets Longue Distance au D\u00e9part d&rsquo;Angoul\u00eame<\/strong><\/p>\n\n\n\n<p>Envie de partir \u00e0 l&rsquo;aventure depuis Angoul\u00eame? Notre service de trajets longue distance vous permet d&rsquo;explorer au-del\u00e0 des limites de la ville en toute confiance. Profitez du confort d&rsquo;un v\u00e9hicules pendant que nous vous emmenons vers des destinations lointaines depuis Angoul\u00eame.<\/p>\n\n\n\n<p><strong>4. Transport pour \u00c9v\u00e9nements Sp\u00e9ciaux \u00e0 Angoul\u00eame<\/strong><\/p>\n\n\n\n<p>Faites de vos \u00e9v\u00e9nements \u00e0 Angoul\u00eame des moments inoubliables avec notre service de transport pour occasions sp\u00e9ciales. Que ce soit pour un mariage, une c\u00e9l\u00e9bration d&rsquo;anniversaire ou un \u00e9v\u00e9nement d&rsquo;entreprise, notre chauffeur vous assure une arriv\u00e9e \u00e9l\u00e9gante et ponctuelle.<\/p>\n\n\n\n<p><strong>Transports Assis Professionnalis\u00e9<\/strong><\/p>\n\n\n\n<p>Pour les besoins des transports a vos rendez-vous, comptez sur notre chauffeur form\u00e9 et comp\u00e9tent . Nous nous engageons \u00e0 assurer un transport s\u00e9curis\u00e9 et confortable pour les patients n\u00e9cessitant des soins sp\u00e9ciaux.<\/p>\n\n\n\n<p><strong>R\u00e9servez Votre Taxi Local \u00e0 Angoul\u00eame Aujourd&rsquo;hui<\/strong><\/p>\n\n\n\n<p>La r\u00e9servation de votre taxi local \u00e0 Angoul\u00eame n&rsquo;a jamais \u00e9t\u00e9 aussi simple. Utilisez notre plateforme de r\u00e9servation en ligne pour planifier votre trajet en quelques clics. Pour toute information compl\u00e9mentaire ou demande sp\u00e9cifique, n&rsquo;h\u00e9sitez pas \u00e0 nous contacter par t\u00e9l\u00e9phone. Chez HM Taxi Angoul\u00eame, nous sommes d\u00e9vou\u00e9s \u00e0 offrir un service de transport adapt\u00e9 \u00e0 la vie locale d&rsquo;Angoul\u00eame.<\/p>\n","protected":false},"excerpt":{"rendered":"<p>Transferts Lorsque vous avez besoin d&rsquo;un transfert depuis ou vers les a\u00e9roports de Bordeaux ou de Limoges, notre chauffeur est l\u00e0 pour vous servir. Notre chauffeur exp\u00e9riment\u00e9 vous accueilleront \u00e0 l&rsquo;a\u00e9roport, pr\u00eats \u00e0 vous conduire en toute s\u00e9curit\u00e9 et confort jusqu&rsquo;\u00e0 votre destination \u00e0 Angoul\u00eame. Optez pour la tranquillit\u00e9 d&rsquo;esprit en choisissant notre service de [&hellip;]<\/p>\n","protected":false},"author":1,"featured_media":0,"parent":0,"menu_order":0,"comment_status":"closed","ping_status":"closed","template":"","meta":{"footnotes":""},"class_list":["post-12","page","type-page","status-publish","hentry"],"_links":{"self":[{"href":"https:\/\/taxi-soyaux.fr\/index.php\/wp-json\/wp\/v2\/pages\/12","targetHints":{"allow":["GET"]}}],"collection":[{"href":"https:\/\/taxi-soyaux.fr\/index.php\/wp-json\/wp\/v2\/pages"}],"about":[{"href":"https:\/\/taxi-soyaux.fr\/index.php\/wp-json\/wp\/v2\/types\/page"}],"author":[{"embeddable":true,"href":"https:\/\/taxi-soyaux.fr\/index.php\/wp-json\/wp\/v2\/users\/1"}],"replies":[{"embeddable":true,"href":"https:\/\/taxi-soyaux.fr\/index.php\/wp-json\/wp\/v2\/comments?post=12"}],"version-history":[{"count":3,"href":"https:\/\/taxi-soyaux.fr\/index.php\/wp-json\/wp\/v2\/pages\/12\/revisions"}],"predecessor-version":[{"id":55,"href":"https:\/\/taxi-soyaux.fr\/index.php\/wp-json\/wp\/v2\/pages\/12\/revisions\/55"}],"wp:attachment":[{"href":"https:\/\/taxi-soyaux.fr\/index.php\/wp-json\/wp\/v2\/media?parent=12"}],"curies":[{"name":"wp","href":"https:\/\/api.w.org\/{rel}","templated":true}]}}